{"id":34,"date":"2023-08-10T14:42:33","date_gmt":"2023-08-10T14:42:33","guid":{"rendered":"http:\/\/10.100.0.115\/labap\/?page_id=34"},"modified":"2023-12-14T21:32:45","modified_gmt":"2023-12-14T21:32:45","slug":"innovar","status":"publish","type":"page","link":"https:\/\/labap.umag.cl\/index.php\/innovar\/","title":{"rendered":"Innovar"},"content":{"rendered":"\n<div class=\"section-wrapper\" data-id=\"Dprc0W\"><section class=\"wp-block-gutenverse-section guten-element guten-section guten-Dprc0W layout-fullwidth align-stretch\"><div class=\"guten-background-overlay\"><\/div><div class=\"guten-shape-divider guten-shape-divider-top\"><\/div><div class=\"guten-shape-divider guten-shape-divider-bottom\"><\/div><div class=\"guten-container guten-column-gap-default\">\n<div class=\"wp-block-gutenverse-column guten-element guten-column guten-w0WD1h\"><div class=\"guten-background-overlay\"><\/div><div class=\"sticky-wrapper\" data-id=\"w0WD1h\"><div class=\"guten-column-wrapper\">\n<p class=\"has-custom-color-8-color has-text-color has-link-color has-small-font-size wp-elements-b70769e1ffa31582d36caeb4ce36d86d\">El Laboratorio de Aprendizaje promueve la creaci\u00f3n de competencias para la&nbsp;<strong>innovaci\u00f3n educativa al interior de los establecimientos educacionales.<\/strong><\/p>\n\n\n\n<p class=\"has-custom-color-8-color has-text-color has-link-color has-small-font-size wp-elements-99c4092819e0692faa0ad336e90340ed\">Con la creaci\u00f3n de una Red de Innovaci\u00f3n Educativa (REDPI), se busca generar programas de capacitaci\u00f3n para docentes y directivos de los Establecimientos Educacionales en el uso de nuevas tecnolog\u00edas educativas, el desarrollo de proyectos interdisciplinarios y la implementaci\u00f3n de estrategias de&nbsp;<strong>aprendizaje activo.<\/strong><\/p>\n\n\n\n<p class=\"has-custom-color-8-color has-text-color has-link-color has-small-font-size wp-elements-e72ebd5e7b70a0480a6086c19509932c\">Adem\u00e1s, se fomenta la creaci\u00f3n de espacios de reflexi\u00f3n y colaboraci\u00f3n entre los miembros de la comunidad educativa, con el fin de identificar desaf\u00edos y oportunidades para la mejora continua del proceso educativo.<\/p>\n<\/div><\/div><\/div>\n\n\n\n<div class=\"wp-block-gutenverse-column guten-element guten-column guten-exFVcD\"><div class=\"guten-background-overlay\"><\/div><div class=\"sticky-wrapper\" data-id=\"exFVcD\"><div class=\"guten-column-wrapper\">\n<p class=\"has-text-align-right has-custom-color-1-color has-text-color has-link-color has-heading-6-font-size wp-elements-865349b04c8b127ea13ea12b3f15f224\"><span style=\"font-weight: 600; color: rgb(1, 71, 119); font-size: 40px;\">&lt;&lt; Creando espacios de innovaci\u00f3n al interior<\/span><span style=\"color: rgb(1, 71, 119); font-size: 40px;\"> <\/span><span style=\"font-weight: 600; color: rgb(1, 71, 119); font-size: 40px;\">de los establecimientos educacionales >><\/span><\/p>\n<\/div><\/div><\/div>\n<\/div><\/section><\/div>\n","protected":false},"excerpt":{"rendered":"","protected":false},"author":1,"featured_media":0,"parent":0,"menu_order":0,"comment_status":"closed","ping_status":"closed","template":"","meta":{"footnotes":""},"class_list":["post-34","page","type-page","status-publish","hentry"],"_links":{"self":[{"href":"https:\/\/labap.umag.cl\/index.php\/wp-json\/wp\/v2\/pages\/34","targetHints":{"allow":["GET"]}}],"collection":[{"href":"https:\/\/labap.umag.cl\/index.php\/wp-json\/wp\/v2\/pages"}],"about":[{"href":"https:\/\/labap.umag.cl\/index.php\/wp-json\/wp\/v2\/types\/page"}],"author":[{"embeddable":true,"href":"https:\/\/labap.umag.cl\/index.php\/wp-json\/wp\/v2\/users\/1"}],"replies":[{"embeddable":true,"href":"https:\/\/labap.umag.cl\/index.php\/wp-json\/wp\/v2\/comments?post=34"}],"version-history":[{"count":65,"href":"https:\/\/labap.umag.cl\/index.php\/wp-json\/wp\/v2\/pages\/34\/revisions"}],"predecessor-version":[{"id":1092,"href":"https:\/\/labap.umag.cl\/index.php\/wp-json\/wp\/v2\/pages\/34\/revisions\/1092"}],"wp:attachment":[{"href":"https:\/\/labap.umag.cl\/index.php\/wp-json\/wp\/v2\/media?parent=34"}],"curies":[{"name":"wp","href":"https:\/\/api.w.org\/{rel}","templated":true}]}}